{"id":75,"date":"2025-05-28T17:58:11","date_gmt":"2025-05-28T15:58:11","guid":{"rendered":"https:\/\/www.copinmalin.top\/blog\/?page_id=75"},"modified":"2025-09-15T13:19:18","modified_gmt":"2025-09-15T11:19:18","slug":"blog","status":"publish","type":"page","link":"https:\/\/www.copinmalin.top\/blog\/blog\/","title":{"rendered":"Blog"},"content":{"rendered":"<ul class=\"wp-block-latest-posts__list is-grid columns-3 alignfull wp-block-latest-posts has-small-font-size\"><li><div class=\"wp-block-latest-posts__featured-image aligncenter\"><img loading=\"lazy\" decoding=\"async\" width=\"300\" height=\"200\" src=\"https:\/\/www.copinmalin.top\/blog\/wp-content\/uploads\/2026\/01\/sem-5-300x200.png\" class=\"attachment-medium size-medium wp-post-image\" alt=\"\" style=\"max-width:300px;max-height:200px;\" srcset=\"https:\/\/www.copinmalin.top\/blog\/wp-content\/uploads\/2026\/01\/sem-5-300x200.png 300w, https:\/\/www.copinmalin.top\/blog\/wp-content\/uploads\/2026\/01\/sem-5-1024x683.png 1024w, https:\/\/www.copinmalin.top\/blog\/wp-content\/uploads\/2026\/01\/sem-5-768x512.png 768w, https:\/\/www.copinmalin.top\/blog\/wp-content\/uploads\/2026\/01\/sem-5-600x400.png 600w, https:\/\/www.copinmalin.top\/blog\/wp-content\/uploads\/2026\/01\/sem-5.png 1536w\" sizes=\"auto, (max-width: 300px) 100vw, 300px\" \/><\/div><a class=\"wp-block-latest-posts__post-title\" href=\"https:\/\/www.copinmalin.top\/blog\/souverainete-est-technique\/\">La souverainet\u00e9 n\u2019est pas politique, elle est technique<\/a><div class=\"wp-block-latest-posts__post-excerpt\">La souverainet\u00e9 n\u2019est pas une posture politique mais une r\u00e9alit\u00e9 technique. Bitcoin comme infrastructure d\u2019\u00e9mancipation, de responsabilit\u00e9 et de transmission.<\/div><\/li>\n<li><div class=\"wp-block-latest-posts__featured-image aligncenter\"><img loading=\"lazy\" decoding=\"async\" width=\"200\" height=\"300\" src=\"https:\/\/www.copinmalin.top\/blog\/wp-content\/uploads\/2025\/12\/ChatGPT-Image-30-dec.-2025-21_55_26-200x300.png\" class=\"attachment-medium size-medium wp-post-image\" alt=\"\" style=\"max-width:300px;max-height:200px;\" srcset=\"https:\/\/www.copinmalin.top\/blog\/wp-content\/uploads\/2025\/12\/ChatGPT-Image-30-dec.-2025-21_55_26-200x300.png 200w, https:\/\/www.copinmalin.top\/blog\/wp-content\/uploads\/2025\/12\/ChatGPT-Image-30-dec.-2025-21_55_26-683x1024.png 683w, https:\/\/www.copinmalin.top\/blog\/wp-content\/uploads\/2025\/12\/ChatGPT-Image-30-dec.-2025-21_55_26-768x1152.png 768w, https:\/\/www.copinmalin.top\/blog\/wp-content\/uploads\/2025\/12\/ChatGPT-Image-30-dec.-2025-21_55_26-600x900.png 600w, https:\/\/www.copinmalin.top\/blog\/wp-content\/uploads\/2025\/12\/ChatGPT-Image-30-dec.-2025-21_55_26.png 1024w\" sizes=\"auto, (max-width: 200px) 100vw, 200px\" \/><\/div><a class=\"wp-block-latest-posts__post-title\" href=\"https:\/\/www.copinmalin.top\/blog\/une-rupture-monetaire\/\">Bitcoin n\u2019est pas une innovation financi\u00e8re, c\u2019est une rupture mon\u00e9taire<\/a><div class=\"wp-block-latest-posts__post-excerpt\">Bitcoin est souvent pr\u00e9sent\u00e9 comme une innovation financi\u00e8re ou une cryptomonnaie parmi d\u2019autres. Cette lecture est trompeuse. Bitcoin n\u2019optimise pas le syst\u00e8me mon\u00e9taire existant : il en change la r\u00e8gle fondamentale. En rempla\u00e7ant une politique mon\u00e9taire discr\u00e9tionnaire par un protocole v\u00e9rifiable et non n\u00e9gociable, Bitcoin introduit une rupture mon\u00e9taire in\u00e9dite. Comprendre cette diff\u00e9rence est indispensable pour saisir pourquoi Bitcoin ne peut \u00eatre compar\u00e9 ni aux crypto-actifs, ni aux fintechs, ni aux outils de paiement traditionnels.<\/div><\/li>\n<li><div class=\"wp-block-latest-posts__featured-image aligncenter\"><img loading=\"lazy\" decoding=\"async\" width=\"300\" height=\"225\" src=\"https:\/\/www.copinmalin.top\/blog\/wp-content\/uploads\/2025\/06\/Bcafe_space_Pitch_Slide-300x225.png\" class=\"attachment-medium size-medium wp-post-image\" alt=\"\" style=\"max-width:300px;max-height:200px;\" srcset=\"https:\/\/www.copinmalin.top\/blog\/wp-content\/uploads\/2025\/06\/Bcafe_space_Pitch_Slide-300x225.png 300w, https:\/\/www.copinmalin.top\/blog\/wp-content\/uploads\/2025\/06\/Bcafe_space_Pitch_Slide-1024x768.png 1024w, https:\/\/www.copinmalin.top\/blog\/wp-content\/uploads\/2025\/06\/Bcafe_space_Pitch_Slide-768x576.png 768w, https:\/\/www.copinmalin.top\/blog\/wp-content\/uploads\/2025\/06\/Bcafe_space_Pitch_Slide-600x450.png 600w, https:\/\/www.copinmalin.top\/blog\/wp-content\/uploads\/2025\/06\/Bcafe_space_Pitch_Slide.png 1058w\" sizes=\"auto, (max-width: 300px) 100vw, 300px\" \/><\/div><a class=\"wp-block-latest-posts__post-title\" href=\"https:\/\/www.copinmalin.top\/blog\/planb-store\/\">Plan\u20bf Store : un futur lieu d\u00e9di\u00e9 \u00e0 Bitcoin<\/a><div class=\"wp-block-latest-posts__post-excerpt\">\ud83c\udd95 Le Plan\u20bf Store arrive \u00e0 Annecy !\n\nUn lieu in\u00e9dit m\u00ealant,boutique, caf\u00e9, formation et atelier, 100\u202f% orient\u00e9 Bitcoin et souverainet\u00e9 num\u00e9rique.\nPens\u00e9 pour les commer\u00e7ants, ind\u00e9pendants, curieux et entrepreneurs de la r\u00e9gion.\n\n\ud83c\udfaf Objectif : cr\u00e9er un espace vivant pour \u00e9changer, apprendre et entreprendre autrement.<\/div><\/li>\n<li><div class=\"wp-block-latest-posts__featured-image aligncenter\"><img loading=\"lazy\" decoding=\"async\" width=\"300\" height=\"200\" src=\"https:\/\/www.copinmalin.top\/blog\/wp-content\/uploads\/2025\/07\/ChatGPT-Image-21-juin-2025-19_57_09-300x200.png\" class=\"attachment-medium size-medium wp-post-image\" alt=\"\" style=\"max-width:300px;max-height:200px;\" srcset=\"https:\/\/www.copinmalin.top\/blog\/wp-content\/uploads\/2025\/07\/ChatGPT-Image-21-juin-2025-19_57_09-300x200.png 300w, https:\/\/www.copinmalin.top\/blog\/wp-content\/uploads\/2025\/07\/ChatGPT-Image-21-juin-2025-19_57_09-600x400.png 600w, https:\/\/www.copinmalin.top\/blog\/wp-content\/uploads\/2025\/07\/ChatGPT-Image-21-juin-2025-19_57_09-1024x683.png 1024w, https:\/\/www.copinmalin.top\/blog\/wp-content\/uploads\/2025\/07\/ChatGPT-Image-21-juin-2025-19_57_09-768x512.png 768w, https:\/\/www.copinmalin.top\/blog\/wp-content\/uploads\/2025\/07\/ChatGPT-Image-21-juin-2025-19_57_09.png 1536w\" sizes=\"auto, (max-width: 300px) 100vw, 300px\" \/><\/div><a class=\"wp-block-latest-posts__post-title\" href=\"https:\/\/www.copinmalin.top\/blog\/chronique-bien-monetaire-commun\/\">Bitcoin : Chronique d\u2019un bien mon\u00e9taire commun<\/a><div class=\"wp-block-latest-posts__post-excerpt\">Un bien commun mon\u00e9taire. Une monnaie qui refuse l\u2019usure. Une promesse d\u00e9flationniste qui ne saigne pas les classes populaires. Un outil d\u2019\u00e9mancipation pour le salari\u00e9, le paysan, l\u2019artisan, l\u2019ind\u00e9pendant. Face aux rentiers, aux banquiers centraux et aux gestionnaires de crise permanente, Bitcoin se dresse, silencieux, inarr\u00eatable, neutre.\n\nSouvent r\u00e9duit \u00e0 une lubie techno-libertarienne, Bitcoin porte pourtant en lui bien plus qu\u2019une simple critique de l\u2019\u00c9tat ou de la monnaie. <\/div><\/li>\n<li><div class=\"wp-block-latest-posts__featured-image aligncenter\"><img loading=\"lazy\" decoding=\"async\" width=\"300\" height=\"168\" src=\"https:\/\/www.copinmalin.top\/blog\/wp-content\/uploads\/2026\/01\/Capture-decran-2026-01-04-142212-300x168.png\" class=\"attachment-medium size-medium wp-post-image\" alt=\"\" style=\"max-width:300px;max-height:200px;\" srcset=\"https:\/\/www.copinmalin.top\/blog\/wp-content\/uploads\/2026\/01\/Capture-decran-2026-01-04-142212-300x168.png 300w, https:\/\/www.copinmalin.top\/blog\/wp-content\/uploads\/2026\/01\/Capture-decran-2026-01-04-142212-768x431.png 768w, https:\/\/www.copinmalin.top\/blog\/wp-content\/uploads\/2026\/01\/Capture-decran-2026-01-04-142212-600x337.png 600w, https:\/\/www.copinmalin.top\/blog\/wp-content\/uploads\/2026\/01\/Capture-decran-2026-01-04-142212.png 909w\" sizes=\"auto, (max-width: 300px) 100vw, 300px\" \/><\/div><a class=\"wp-block-latest-posts__post-title\" href=\"https:\/\/www.copinmalin.top\/blog\/bitcoin-101\/\">Bitcoin, comprendre avant d\u2019utiliser<\/a><div class=\"wp-block-latest-posts__post-excerpt\">Introduction \u00e0 une premi\u00e8re transaction Bitcoin est souvent pr\u00e9sent\u00e9 trop vite soit comme un objet sp\u00e9culatif, soit comme une technologie obscure r\u00e9serv\u00e9e aux initi\u00e9s.Cette vid\u00e9o pr\u00e9sentation prend volontairement le contrepied de ces deux caricatures. Ici, Bitcoin est abord\u00e9 comme ce qu\u2019il est r\u00e9ellement : un outil mon\u00e9taire technique, avec une logique interne simple, mais rigoureuse.On ne commence pas par le prix.On commence par le sens. Comprendre Bitcoin, ce n\u2019est pas apprendre un slogan.C\u2019est comprendre ce que l\u2019on fait, ce que l\u2019on signe, et ce que personne ne peut faire \u00e0 notre place. Bitcoin n\u2019est pas un compte, c\u2019est un protocole\u2026 <a class=\"wp-block-latest-posts__read-more\" href=\"https:\/\/www.copinmalin.top\/blog\/bitcoin-101\/\" rel=\"noopener noreferrer\">Lire la suite<span class=\"screen-reader-text\">\u00a0: Bitcoin, comprendre avant d\u2019utiliser<\/span><\/a><\/div><\/li>\n<li><div class=\"wp-block-latest-posts__featured-image aligncenter\"><img loading=\"lazy\" decoding=\"async\" width=\"300\" height=\"225\" src=\"https:\/\/www.copinmalin.top\/blog\/wp-content\/uploads\/2025\/07\/assemble-lumiere-bitcoin-300x225.png\" class=\"attachment-medium size-medium wp-post-image\" alt=\"\" style=\"max-width:300px;max-height:200px;\" srcset=\"https:\/\/www.copinmalin.top\/blog\/wp-content\/uploads\/2025\/07\/assemble-lumiere-bitcoin-300x225.png 300w, https:\/\/www.copinmalin.top\/blog\/wp-content\/uploads\/2025\/07\/assemble-lumiere-bitcoin-600x450.png 600w, https:\/\/www.copinmalin.top\/blog\/wp-content\/uploads\/2025\/07\/assemble-lumiere-bitcoin-1024x768.png 1024w, https:\/\/www.copinmalin.top\/blog\/wp-content\/uploads\/2025\/07\/assemble-lumiere-bitcoin-768x576.png 768w, https:\/\/www.copinmalin.top\/blog\/wp-content\/uploads\/2025\/07\/assemble-lumiere-bitcoin.png 1365w\" sizes=\"auto, (max-width: 300px) 100vw, 300px\" \/><\/div><a class=\"wp-block-latest-posts__post-title\" href=\"https:\/\/www.copinmalin.top\/blog\/utopie-libertarienne-ou-revolution-monetaire\/\">Bitcoin : utopie libertarienne ou r\u00e9volution mon\u00e9taire ?<\/a><div class=\"wp-block-latest-posts__post-excerpt\">Depuis sa cr\u00e9ation en 2009, Bitcoin suscite d\u00e9bats passionn\u00e9s. Pour certains, il s\u2019agit d\u2019une tentative utopique d\u2019\u00e9mancipation du pouvoir \u00e9tatique, inspir\u00e9e par une philosophie libertarienne radicale. Pour d\u2019autres, c&rsquo;est une r\u00e9ponse pragmatique \u00e0 un syst\u00e8me mon\u00e9taire mondial jug\u00e9 d\u00e9faillant. Ces deux perspectives, souvent oppos\u00e9es, m\u00e9ritent d\u2019\u00eatre confront\u00e9es pour mieux comprendre les enjeux et les limites de cette r\u00e9volution mon\u00e9taire.<\/div><\/li>\n<li><div class=\"wp-block-latest-posts__featured-image aligncenter\"><img loading=\"lazy\" decoding=\"async\" width=\"300\" height=\"300\" src=\"https:\/\/www.copinmalin.top\/blog\/wp-content\/uploads\/2025\/06\/24219-300x300.webp\" class=\"attachment-medium size-medium wp-post-image\" alt=\"\" style=\"max-width:300px;max-height:200px;\" srcset=\"https:\/\/www.copinmalin.top\/blog\/wp-content\/uploads\/2025\/06\/24219-300x300.webp 300w, https:\/\/www.copinmalin.top\/blog\/wp-content\/uploads\/2025\/06\/24219-100x100.webp 100w, https:\/\/www.copinmalin.top\/blog\/wp-content\/uploads\/2025\/06\/24219-600x600.webp 600w, https:\/\/www.copinmalin.top\/blog\/wp-content\/uploads\/2025\/06\/24219-150x150.webp 150w, https:\/\/www.copinmalin.top\/blog\/wp-content\/uploads\/2025\/06\/24219-768x768.webp 768w, https:\/\/www.copinmalin.top\/blog\/wp-content\/uploads\/2025\/06\/24219.webp 1024w\" sizes=\"auto, (max-width: 300px) 100vw, 300px\" \/><\/div><a class=\"wp-block-latest-posts__post-title\" href=\"https:\/\/www.copinmalin.top\/blog\/utilite-de-bitcoin\/\">Utilit\u00e9 de Bitcoin<\/a><div class=\"wp-block-latest-posts__post-excerpt\">Bitcoin n&rsquo;est pas simplement une cryptomonnaie parmi tant d&rsquo;autres; il repr\u00e9sente une v\u00e9ritable r\u00e9volution dans notre conception de la monnaie et de la finance. \u00c0 travers sa sup\u00e9riorit\u00e9 incontest\u00e9e, son statut de r\u00e9serve de valeur, son offre de libert\u00e9 financi\u00e8re, sa r\u00e9silience face aux crises, et son \u00e9cosyst\u00e8me autonome et robuste, Bitcoin a prouv\u00e9 qu&rsquo;il est bien plus qu&rsquo;une simple innovation technologique.\n\nC&rsquo;est un engagement envers une vision \u00e0 long terme de la prosp\u00e9rit\u00e9 et de la stabilit\u00e9 \u00e9conomique.<\/div><\/li>\n<li><div class=\"wp-block-latest-posts__featured-image aligncenter\"><img loading=\"lazy\" decoding=\"async\" width=\"300\" height=\"225\" src=\"https:\/\/www.copinmalin.top\/blog\/wp-content\/uploads\/2025\/07\/David-McBee-pieces-rondes-en-argent-et-or-300x225.png\" class=\"attachment-medium size-medium wp-post-image\" alt=\"\" style=\"max-width:300px;max-height:200px;\" srcset=\"https:\/\/www.copinmalin.top\/blog\/wp-content\/uploads\/2025\/07\/David-McBee-pieces-rondes-en-argent-et-or-300x225.png 300w, https:\/\/www.copinmalin.top\/blog\/wp-content\/uploads\/2025\/07\/David-McBee-pieces-rondes-en-argent-et-or-600x450.png 600w, https:\/\/www.copinmalin.top\/blog\/wp-content\/uploads\/2025\/07\/David-McBee-pieces-rondes-en-argent-et-or-1024x768.png 1024w, https:\/\/www.copinmalin.top\/blog\/wp-content\/uploads\/2025\/07\/David-McBee-pieces-rondes-en-argent-et-or-768x576.png 768w, https:\/\/www.copinmalin.top\/blog\/wp-content\/uploads\/2025\/07\/David-McBee-pieces-rondes-en-argent-et-or.png 1365w\" sizes=\"auto, (max-width: 300px) 100vw, 300px\" \/><\/div><a class=\"wp-block-latest-posts__post-title\" href=\"https:\/\/www.copinmalin.top\/blog\/bitcoin-ne-passons-pas-a-cote\/\">Bitcoin : ne passons pas \u00e0 c\u00f4t\u00e9<\/a><div class=\"wp-block-latest-posts__post-excerpt\">Bitcoin n\u2019est pas qu\u2019une technologie mon\u00e9taire ou une curiosit\u00e9 sp\u00e9culative. C\u2019est un outil d\u2019\u00e9mancipation, un commun num\u00e9rique ouvert \u00e0 tous, qui m\u00e9rite mieux que le d\u00e9sint\u00e9r\u00eat ou la caricature.\n\n\u00c0 l\u2019heure o\u00f9 les enjeux autour de la souverainet\u00e9 \u00e9conomique, de la s\u00e9curit\u00e9 num\u00e9rique et de l\u2019acc\u00e8s libre \u00e0 la valeur deviennent cruciaux, il est temps d\u2019explorer s\u00e9rieusement ce que Bitcoin peut apporter \u2014 localement, nationalement, humainement.\n\nEntrepreneurs, collectivit\u00e9s, citoyens curieux : ne passons pas \u00e0 c\u00f4t\u00e9.<\/div><\/li>\n<li><div class=\"wp-block-latest-posts__featured-image aligncenter\"><img loading=\"lazy\" decoding=\"async\" width=\"300\" height=\"194\" src=\"https:\/\/www.copinmalin.top\/blog\/wp-content\/uploads\/2022\/09\/Maintainer-of-Bitcoin-Core-1586-1024-300x194.png\" class=\"attachment-medium size-medium wp-post-image\" alt=\"\" style=\"max-width:300px;max-height:200px;\" srcset=\"https:\/\/www.copinmalin.top\/blog\/wp-content\/uploads\/2022\/09\/Maintainer-of-Bitcoin-Core-1586-1024-300x194.png 300w, https:\/\/www.copinmalin.top\/blog\/wp-content\/uploads\/2022\/09\/Maintainer-of-Bitcoin-Core-1586-1024-1024x661.png 1024w, https:\/\/www.copinmalin.top\/blog\/wp-content\/uploads\/2022\/09\/Maintainer-of-Bitcoin-Core-1586-1024-768x496.png 768w, https:\/\/www.copinmalin.top\/blog\/wp-content\/uploads\/2022\/09\/Maintainer-of-Bitcoin-Core-1586-1024-1536x992.png 1536w, https:\/\/www.copinmalin.top\/blog\/wp-content\/uploads\/2022\/09\/Maintainer-of-Bitcoin-Core-1586-1024-600x387.png 600w, https:\/\/www.copinmalin.top\/blog\/wp-content\/uploads\/2022\/09\/Maintainer-of-Bitcoin-Core-1586-1024.png 1586w\" sizes=\"auto, (max-width: 300px) 100vw, 300px\" \/><\/div><a class=\"wp-block-latest-posts__post-title\" href=\"https:\/\/www.copinmalin.top\/blog\/bitcoin-core-et-ses-developpeurs\/\">Bitcoin Core et ses d\u00e9veloppeurs<\/a><div class=\"wp-block-latest-posts__post-excerpt\">Alors que nous apprenons le d\u00e9part de&nbsp;Wladimir Van der Laan&nbsp;, puis celui de&nbsp;Peter Wuille, et l&rsquo;arriv\u00e9e d&rsquo;une d\u00e9veloppeuse&nbsp;Gloria Zhao&nbsp;au sein du d\u00e9veloppement du principal logiciel permettant l&rsquo;acc\u00e8s \u00e0 Bitcoin, il m&rsquo;est apparu int\u00e9ressant d&rsquo;en savoir plus \u00e0 ce sujet. Bitcoin-Core le logiciel client de Bitcoin Afin d&rsquo;interagir directement avec le r\u00e9seau Bitcoin depuis votre ordinateur, vous devez installer un logiciel client qui vous fournira une interface afin de r\u00e9aliser des op\u00e9rations tel que : Parmi les plus populaires pour ne pas dire le principal, vous avez&nbsp;Bitcoin-Core&nbsp;celui cr\u00e9e par Satoshi Nakamoto lui-m\u00eame. Il b\u00e9n\u00e9ficie d&rsquo;une communaut\u00e9 importante de d\u00e9veloppeur.se.s qui proposent\u2026 <a class=\"wp-block-latest-posts__read-more\" href=\"https:\/\/www.copinmalin.top\/blog\/bitcoin-core-et-ses-developpeurs\/\" rel=\"noopener noreferrer\">Lire la suite<span class=\"screen-reader-text\">\u00a0: Bitcoin Core et ses d\u00e9veloppeurs<\/span><\/a><\/div><\/li>\n<li><div class=\"wp-block-latest-posts__featured-image aligncenter\"><img loading=\"lazy\" decoding=\"async\" width=\"300\" height=\"300\" src=\"https:\/\/www.copinmalin.top\/blog\/wp-content\/uploads\/2025\/06\/24224-300x300.webp\" class=\"attachment-medium size-medium wp-post-image\" alt=\"\" style=\"max-width:300px;max-height:200px;\" srcset=\"https:\/\/www.copinmalin.top\/blog\/wp-content\/uploads\/2025\/06\/24224-300x300.webp 300w, https:\/\/www.copinmalin.top\/blog\/wp-content\/uploads\/2025\/06\/24224-100x100.webp 100w, https:\/\/www.copinmalin.top\/blog\/wp-content\/uploads\/2025\/06\/24224-600x600.webp 600w, https:\/\/www.copinmalin.top\/blog\/wp-content\/uploads\/2025\/06\/24224-150x150.webp 150w, https:\/\/www.copinmalin.top\/blog\/wp-content\/uploads\/2025\/06\/24224-768x768.webp 768w, https:\/\/www.copinmalin.top\/blog\/wp-content\/uploads\/2025\/06\/24224.webp 1024w\" sizes=\"auto, (max-width: 300px) 100vw, 300px\" \/><\/div><a class=\"wp-block-latest-posts__post-title\" href=\"https:\/\/www.copinmalin.top\/blog\/717000-blocs-plus-tard\/\">717000+ blocs plus tard<\/a><div class=\"wp-block-latest-posts__post-excerpt\">Ce 3 janvier 2022 cela fait maintenant 13 ans que le tout premier bloc du protocole Bitcoin a \u00e9t\u00e9 min\u00e9. Quel chemin parcouru, et sans un faux pas, quelques d\u00e9rives (BCH, BSV \u2026) mais une ligne de conduite toujours respect\u00e9e, un bloc toutes les 10 minutes.Dans l&rsquo;esprit initial de la communaut\u00e9 cypherpunk, le but \u00e9tait de cr\u00e9er un espace prot\u00e9g\u00e9 par la cryptographie afin d&rsquo;avoir la libert\u00e9 et les responsabilit\u00e9s qui vont avec.Car oui, le Bitcoin n&rsquo;est pas cr\u00e9e pour le trading ou la sp\u00e9culation mais avant tout comme un outil d&rsquo;\u00e9mancipation financi\u00e8re.Les populations les plus \u00e9loign\u00e9es de la bancarisation\u2026 <a class=\"wp-block-latest-posts__read-more\" href=\"https:\/\/www.copinmalin.top\/blog\/717000-blocs-plus-tard\/\" rel=\"noopener noreferrer\">Lire la suite<span class=\"screen-reader-text\">\u00a0: 717000+ blocs plus tard<\/span><\/a><\/div><\/li>\n<\/ul>","protected":false},"excerpt":{"rendered":"","protected":false},"author":1,"featured_media":0,"parent":0,"menu_order":0,"comment_status":"closed","ping_status":"closed","template":"","meta":{"site-sidebar-layout":"default","site-content-layout":"","ast-site-content-layout":"default","site-content-style":"boxed","site-sidebar-style":"default","ast-global-header-display":"","ast-banner-title-visibility":"","ast-main-header-display":"","ast-hfb-above-header-display":"","ast-hfb-below-header-display":"","ast-hfb-mobile-header-display":"","site-post-title":"disabled","ast-breadcrumbs-content":"","ast-featured-img":"","footer-sml-layout":"","ast-disable-related-posts":"","theme-transparent-header-meta":"","adv-header-id-meta":"","stick-header-meta":"","header-above-stick-meta":"","header-main-stick-meta":"","header-below-stick-meta":"","astra-migrate-meta-layouts":"default","ast-page-background-enabled":"default","ast-page-background-meta":{"desktop":{"background-color":"var(--ast-global-color-5)","background-image":"","background-repeat":"repeat","background-position":"center center","background-size":"auto","background-attachment":"scroll","background-type":"","background-media":"","overlay-type":"","overlay-color":"","overlay-opacity":"","overlay-gradient":""},"tablet":{"background-color":"","background-image":"","background-repeat":"repeat","background-position":"center center","background-size":"auto","background-attachment":"scroll","background-type":"","background-media":"","overlay-type":"","overlay-color":"","overlay-opacity":"","overlay-gradient":""},"mobile":{"background-color":"","background-image":"","background-repeat":"repeat","background-position":"center center","background-size":"auto","background-attachment":"scroll","background-type":"","background-media":"","overlay-type":"","overlay-color":"","overlay-opacity":"","overlay-gradient":""}},"ast-content-background-meta":{"desktop":{"background-color":"var(--ast-global-color-4)","background-image":"","background-repeat":"repeat","background-position":"center center","background-size":"auto","background-attachment":"scroll","background-type":"","background-media":"","overlay-type":"","overlay-color":"","overlay-opacity":"","overlay-gradient":""},"tablet":{"background-color":"var(--ast-global-color-4)","background-image":"","background-repeat":"repeat","background-position":"center center","background-size":"auto","background-attachment":"scroll","background-type":"","background-media":"","overlay-type":"","overlay-color":"","overlay-opacity":"","overlay-gradient":""},"mobile":{"background-color":"var(--ast-global-color-4)","background-image":"","background-repeat":"repeat","background-position":"center center","background-size":"auto","background-attachment":"scroll","background-type":"","background-media":"","overlay-type":"","overlay-color":"","overlay-opacity":"","overlay-gradient":""}},"footnotes":""},"class_list":["post-75","page","type-page","status-publish","hentry"],"_links":{"self":[{"href":"https:\/\/www.copinmalin.top\/blog\/wp-json\/wp\/v2\/pages\/75","targetHints":{"allow":["GET"]}}],"collection":[{"href":"https:\/\/www.copinmalin.top\/blog\/wp-json\/wp\/v2\/pages"}],"about":[{"href":"https:\/\/www.copinmalin.top\/blog\/wp-json\/wp\/v2\/types\/page"}],"author":[{"embeddable":true,"href":"https:\/\/www.copinmalin.top\/blog\/wp-json\/wp\/v2\/users\/1"}],"replies":[{"embeddable":true,"href":"https:\/\/www.copinmalin.top\/blog\/wp-json\/wp\/v2\/comments?post=75"}],"version-history":[{"count":21,"href":"https:\/\/www.copinmalin.top\/blog\/wp-json\/wp\/v2\/pages\/75\/revisions"}],"predecessor-version":[{"id":336,"href":"https:\/\/www.copinmalin.top\/blog\/wp-json\/wp\/v2\/pages\/75\/revisions\/336"}],"wp:attachment":[{"href":"https:\/\/www.copinmalin.top\/blog\/wp-json\/wp\/v2\/media?parent=75"}],"curies":[{"name":"wp","href":"https:\/\/api.w.org\/{rel}","templated":true}]}}